[{"id":5002,"date":"2023-07-11T12:28:05","date_gmt":"2023-07-11T12:28:05","guid":{"rendered":"https:\/\/www.tradeversity.pro\/product\/cours-intermediaire\/"},"modified":"2026-01-29T14:03:44","modified_gmt":"2026-01-29T14:03:44","slug":"cours-intermediaire","status":"publish","type":"product","link":"https:\/\/www.tradeversity.pro\/fr\/product\/cours-intermediaire\/","title":{"rendered":"Cours interm\u00e9diaire"},"content":{"rendered":"","protected":false},"excerpt":{"rendered":"","protected":false},"featured_media":5003,"template":"","meta":{"_sitemap_exclude":false,"_sitemap_priority":"","_sitemap_frequency":""},"product_brand":[],"product_cat":[],"product_tag":[],"class_list":{"0":"post-5002","1":"product","2":"type-product","3":"status-publish","4":"has-post-thumbnail","7":"first","8":"instock","9":"sale","10":"sold-individually","11":"shipping-taxable","12":"purchasable","13":"product-type-simple"},"aioseo_notices":[],"_links":{"self":[{"href":"https:\/\/www.tradeversity.pro\/fr\/wp-json\/wp\/v2\/product\/5002","targetHints":{"allow":["GET"]}}],"collection":[{"href":"https:\/\/www.tradeversity.pro\/fr\/wp-json\/wp\/v2\/product"}],"about":[{"href":"https:\/\/www.tradeversity.pro\/fr\/wp-json\/wp\/v2\/types\/product"}],"wp:featuredmedia":[{"embeddable":true,"href":"https:\/\/www.tradeversity.pro\/fr\/wp-json\/wp\/v2\/media\/5003"}],"wp:attachment":[{"href":"https:\/\/www.tradeversity.pro\/fr\/wp-json\/wp\/v2\/media?parent=5002"}],"wp:term":[{"taxonomy":"product_brand","embeddable":true,"href":"https:\/\/www.tradeversity.pro\/fr\/wp-json\/wp\/v2\/product_brand?post=5002"},{"taxonomy":"product_cat","embeddable":true,"href":"https:\/\/www.tradeversity.pro\/fr\/wp-json\/wp\/v2\/product_cat?post=5002"},{"taxonomy":"product_tag","embeddable":true,"href":"https:\/\/www.tradeversity.pro\/fr\/wp-json\/wp\/v2\/product_tag?post=5002"}],"curies":[{"name":"wp","href":"https:\/\/api.w.org\/{rel}","templated":true}]}},{"id":5016,"date":"2022-10-03T13:43:24","date_gmt":"2022-10-03T13:43:24","guid":{"rendered":"https:\/\/www.tradeversity.pro\/product\/cours-sur-les-crypto-monnaies\/"},"modified":"2026-01-29T14:01:13","modified_gmt":"2026-01-29T14:01:13","slug":"cours-sur-les-crypto-monnaies","status":"publish","type":"product","link":"https:\/\/www.tradeversity.pro\/fr\/product\/cours-sur-les-crypto-monnaies\/","title":{"rendered":"Cours sur les crypto-monnaies"},"content":{"rendered":"","protected":false},"excerpt":{"rendered":"","protected":false},"featured_media":0,"template":"","meta":{"_sitemap_exclude":false,"_sitemap_priority":"","_sitemap_frequency":""},"product_brand":[],"product_cat":[],"product_tag":[],"class_list":{"0":"post-5016","1":"product","2":"type-product","3":"status-publish","6":"","7":"instock","8":"sale","9":"sold-individually","10":"shipping-taxable","11":"purchasable","12":"product-type-simple"},"aioseo_notices":[],"_links":{"self":[{"href":"https:\/\/www.tradeversity.pro\/fr\/wp-json\/wp\/v2\/product\/5016","targetHints":{"allow":["GET"]}}],"collection":[{"href":"https:\/\/www.tradeversity.pro\/fr\/wp-json\/wp\/v2\/product"}],"about":[{"href":"https:\/\/www.tradeversity.pro\/fr\/wp-json\/wp\/v2\/types\/product"}],"wp:attachment":[{"href":"https:\/\/www.tradeversity.pro\/fr\/wp-json\/wp\/v2\/media?parent=5016"}],"wp:term":[{"taxonomy":"product_brand","embeddable":true,"href":"https:\/\/www.tradeversity.pro\/fr\/wp-json\/wp\/v2\/product_brand?post=5016"},{"taxonomy":"product_cat","embeddable":true,"href":"https:\/\/www.tradeversity.pro\/fr\/wp-json\/wp\/v2\/product_cat?post=5016"},{"taxonomy":"product_tag","embeddable":true,"href":"https:\/\/www.tradeversity.pro\/fr\/wp-json\/wp\/v2\/product_tag?post=5016"}],"curies":[{"name":"wp","href":"https:\/\/api.w.org\/{rel}","templated":true}]}},{"id":5008,"date":"2022-10-03T13:42:32","date_gmt":"2022-10-03T13:42:32","guid":{"rendered":"https:\/\/www.tradeversity.pro\/product\/cours-avance\/"},"modified":"2026-01-29T14:00:54","modified_gmt":"2026-01-29T14:00:54","slug":"cours-avance","status":"publish","type":"product","link":"https:\/\/www.tradeversity.pro\/fr\/product\/cours-avance\/","title":{"rendered":"Cours avanc\u00e9"},"content":{"rendered":"Avanc\u00e9","protected":false},"excerpt":{"rendered":"Avanc\u00e9","protected":false},"featured_media":5003,"template":"","meta":{"_sitemap_exclude":false,"_sitemap_priority":"","_sitemap_frequency":""},"product_brand":[],"product_cat":[],"product_tag":[],"class_list":{"0":"post-5008","1":"product","2":"type-product","3":"status-publish","4":"has-post-thumbnail","7":"last","8":"instock","9":"sale","10":"sold-individually","11":"shipping-taxable","12":"purchasable","13":"product-type-simple"},"aioseo_notices":[],"_links":{"self":[{"href":"https:\/\/www.tradeversity.pro\/fr\/wp-json\/wp\/v2\/product\/5008","targetHints":{"allow":["GET"]}}],"collection":[{"href":"https:\/\/www.tradeversity.pro\/fr\/wp-json\/wp\/v2\/product"}],"about":[{"href":"https:\/\/www.tradeversity.pro\/fr\/wp-json\/wp\/v2\/types\/product"}],"wp:featuredmedia":[{"embeddable":true,"href":"https:\/\/www.tradeversity.pro\/fr\/wp-json\/wp\/v2\/media\/5003"}],"wp:attachment":[{"href":"https:\/\/www.tradeversity.pro\/fr\/wp-json\/wp\/v2\/media?parent=5008"}],"wp:term":[{"taxonomy":"product_brand","embeddable":true,"href":"https:\/\/www.tradeversity.pro\/fr\/wp-json\/wp\/v2\/product_brand?post=5008"},{"taxonomy":"product_cat","embeddable":true,"href":"https:\/\/www.tradeversity.pro\/fr\/wp-json\/wp\/v2\/product_cat?post=5008"},{"taxonomy":"product_tag","embeddable":true,"href":"https:\/\/www.tradeversity.pro\/fr\/wp-json\/wp\/v2\/product_tag?post=5008"}],"curies":[{"name":"wp","href":"https:\/\/api.w.org\/{rel}","templated":true}]}},{"id":5005,"date":"2022-10-03T13:25:45","date_gmt":"2022-10-03T13:25:45","guid":{"rendered":"https:\/\/www.tradeversity.pro\/product\/cours-dexpert\/"},"modified":"2026-01-29T14:00:34","modified_gmt":"2026-01-29T14:00:34","slug":"cours-dexpert","status":"publish","type":"product","link":"https:\/\/www.tradeversity.pro\/fr\/product\/cours-dexpert\/","title":{"rendered":"Cours d&rsquo;expert"},"content":{"rendered":"","protected":false},"excerpt":{"rendered":"","protected":false},"featured_media":5006,"template":"","meta":{"_sitemap_exclude":false,"_sitemap_priority":"","_sitemap_frequency":""},"product_brand":[],"product_cat":[],"product_tag":[],"class_list":{"0":"post-5005","1":"product","2":"type-product","3":"status-publish","4":"has-post-thumbnail","7":"first","8":"instock","9":"sale","10":"sold-individually","11":"shipping-taxable","12":"purchasable","13":"product-type-simple"},"aioseo_notices":[],"_links":{"self":[{"href":"https:\/\/www.tradeversity.pro\/fr\/wp-json\/wp\/v2\/product\/5005","targetHints":{"allow":["GET"]}}],"collection":[{"href":"https:\/\/www.tradeversity.pro\/fr\/wp-json\/wp\/v2\/product"}],"about":[{"href":"https:\/\/www.tradeversity.pro\/fr\/wp-json\/wp\/v2\/types\/product"}],"wp:featuredmedia":[{"embeddable":true,"href":"https:\/\/www.tradeversity.pro\/fr\/wp-json\/wp\/v2\/media\/5006"}],"wp:attachment":[{"href":"https:\/\/www.tradeversity.pro\/fr\/wp-json\/wp\/v2\/media?parent=5005"}],"wp:term":[{"taxonomy":"product_brand","embeddable":true,"href":"https:\/\/www.tradeversity.pro\/fr\/wp-json\/wp\/v2\/product_brand?post=5005"},{"taxonomy":"product_cat","embeddable":true,"href":"https:\/\/www.tradeversity.pro\/fr\/wp-json\/wp\/v2\/product_cat?post=5005"},{"taxonomy":"product_tag","embeddable":true,"href":"https:\/\/www.tradeversity.pro\/fr\/wp-json\/wp\/v2\/product_tag?post=5005"}],"curies":[{"name":"wp","href":"https:\/\/api.w.org\/{rel}","templated":true}]}},{"id":5011,"date":"2022-09-30T06:53:04","date_gmt":"2022-09-30T06:53:04","guid":{"rendered":"https:\/\/www.tradeversity.pro\/product\/cours-de-base\/"},"modified":"2026-01-29T13:59:07","modified_gmt":"2026-01-29T13:59:07","slug":"cours-de-base","status":"publish","type":"product","link":"https:\/\/www.tradeversity.pro\/fr\/product\/cours-de-base\/","title":{"rendered":"Cours de base"},"content":{"rendered":"","protected":false},"excerpt":{"rendered":"","protected":false},"featured_media":5003,"template":"","meta":{"_sitemap_exclude":false,"_sitemap_priority":"","_sitemap_frequency":""},"product_brand":[],"product_cat":[],"product_tag":[],"class_list":{"0":"post-5011","1":"product","2":"type-product","3":"status-publish","4":"has-post-thumbnail","7":"","8":"instock","9":"sale","10":"sold-individually","11":"shipping-taxable","12":"purchasable","13":"product-type-simple"},"aioseo_notices":[],"_links":{"self":[{"href":"https:\/\/www.tradeversity.pro\/fr\/wp-json\/wp\/v2\/product\/5011","targetHints":{"allow":["GET"]}}],"collection":[{"href":"https:\/\/www.tradeversity.pro\/fr\/wp-json\/wp\/v2\/product"}],"about":[{"href":"https:\/\/www.tradeversity.pro\/fr\/wp-json\/wp\/v2\/types\/product"}],"wp:featuredmedia":[{"embeddable":true,"href":"https:\/\/www.tradeversity.pro\/fr\/wp-json\/wp\/v2\/media\/5003"}],"wp:attachment":[{"href":"https:\/\/www.tradeversity.pro\/fr\/wp-json\/wp\/v2\/media?parent=5011"}],"wp:term":[{"taxonomy":"product_brand","embeddable":true,"href":"https:\/\/www.tradeversity.pro\/fr\/wp-json\/wp\/v2\/product_brand?post=5011"},{"taxonomy":"product_cat","embeddable":true,"href":"https:\/\/www.tradeversity.pro\/fr\/wp-json\/wp\/v2\/product_cat?post=5011"},{"taxonomy":"product_tag","embeddable":true,"href":"https:\/\/www.tradeversity.pro\/fr\/wp-json\/wp\/v2\/product_tag?post=5011"}],"curies":[{"name":"wp","href":"https:\/\/api.w.org\/{rel}","templated":true}]}}]